{"id":30304,"date":"2024-10-21T11:00:42","date_gmt":"2024-10-21T09:00:42","guid":{"rendered":"https:\/\/www.familiapremium.sk\/competition\/"},"modified":"2024-10-28T21:19:40","modified_gmt":"2024-10-28T20:19:40","slug":"competition","status":"publish","type":"page","link":"https:\/\/www.familiapremium.sk\/en\/competition\/","title":{"rendered":"Competition"},"content":{"rendered":"\t\t<div data-elementor-type=\"wp-page\" data-elementor-id=\"30304\" class=\"elementor elementor-30304 elementor-28113\" data-elementor-post-type=\"page\">\n\t\t\t\t<div class=\"elementor-element elementor-element-aa3993e e-con-full wd-section-stretch-content e-flex e-con e-parent\" data-id=\"aa3993e\" data-element_type=\"container\">\n\t\t\t\t<div class=\"elementor-element elementor-element-0717c44 elementor-widget elementor-widget-image\" data-id=\"0717c44\" data-element_type=\"widget\" data-widget_type=\"image.default\">\n\t\t\t\t<div class=\"elementor-widget-container\">\n\t\t\t\t\t\t\t\t\t\t\t\t\t<img fetchpriority=\"high\" decoding=\"async\" width=\"1920\" height=\"1269\" src=\"https:\/\/www.familiapremium.sk\/wp-content\/uploads\/2024\/10\/sutaz.jpg\" class=\"attachment-full size-full wp-image-30184\" alt=\"\" srcset=\"https:\/\/www.familiapremium.sk\/wp-content\/uploads\/2024\/10\/sutaz.jpg 1920w, https:\/\/www.familiapremium.sk\/wp-content\/uploads\/2024\/10\/sutaz-400x264.jpg 400w, https:\/\/www.familiapremium.sk\/wp-content\/uploads\/2024\/10\/sutaz-1210x800.jpg 1210w, https:\/\/www.familiapremium.sk\/wp-content\/uploads\/2024\/10\/sutaz-768x508.jpg 768w, https:\/\/www.familiapremium.sk\/wp-content\/uploads\/2024\/10\/sutaz-1536x1015.jpg 1536w, https:\/\/www.familiapremium.sk\/wp-content\/uploads\/2024\/10\/sutaz-430x284.jpg 430w, https:\/\/www.familiapremium.sk\/wp-content\/uploads\/2024\/10\/sutaz-700x463.jpg 700w, https:\/\/www.familiapremium.sk\/wp-content\/uploads\/2024\/10\/sutaz-150x99.jpg 150w\" sizes=\"(max-width: 1920px) 100vw, 1920px\" \/>\t\t\t\t\t\t\t\t\t\t\t\t\t<\/div>\n\t\t\t\t<\/div>\n\t\t\t\t<div class=\"elementor-element elementor-element-2877483 elementor-widget elementor-widget-wd_countdown_timer\" data-id=\"2877483\" data-element_type=\"widget\" data-widget_type=\"wd_countdown_timer.default\">\n\t\t\t\t<div class=\"elementor-widget-container\">\n\t\t\t\t\t<div class=\"wd-countdown-timer color-scheme-dark text-center\">\n\t\t\t<div class=\"wd-timer timer-size-xlarge timer-style-standard \" data-end-date=\"2024-10-31 00:00\" data-timezone=\"GMT\" data-hide-on-finish=\"\">\n\t\t\t\t<span class=\"countdown-days\">\n\t\t\t\t\t<span class=\"wd-timer-value\">\n\t\t\t\t\t\t0\n\t\t\t\t\t<\/span>\n\t\t\t\t\t<span class=\"wd-timer-text\">\n\t\t\t\t\t\tdays\t\t\t\t\t<\/span>\n\t\t\t\t<\/span>\n\t\t\t\t<span class=\"countdown-hours\">\n\t\t\t\t\t<span class=\"wd-timer-value\">\n\t\t\t\t\t\t00\n\t\t\t\t\t<\/span>\n\t\t\t\t\t<span class=\"wd-timer-text\">\n\t\t\t\t\t\thr\t\t\t\t\t<\/span>\n\t\t\t\t<\/span>\n\t\t\t\t<span class=\"countdown-min\">\n\t\t\t\t\t<span class=\"wd-timer-value\">\n\t\t\t\t\t\t00\n\t\t\t\t\t<\/span>\n\t\t\t\t\t<span class=\"wd-timer-text\">\n\t\t\t\t\t\tmin\t\t\t\t\t<\/span>\n\t\t\t\t<\/span>\n\t\t\t\t<span class=\"countdown-sec\">\n\t\t\t\t\t<span class=\"wd-timer-value\">\n\t\t\t\t\t\t00\n\t\t\t\t\t<\/span>\n\t\t\t\t\t<span class=\"wd-timer-text\">\n\t\t\t\t\t\tsc\t\t\t\t\t<\/span>\n\t\t\t\t<\/span>\n\t\t\t<\/div>\n\t\t<\/div>\n\t\t\t\t<\/div>\n\t\t\t\t<\/div>\n\t\t\t\t<\/div>\n\t\t<div class=\"wd-negative-gap elementor-element elementor-element-eaea945 e-flex e-con-boxed e-con e-parent\" data-id=\"eaea945\" data-element_type=\"container\">\n\t\t\t\t\t<div class=\"e-con-inner\">\n\t\t\t\t<div class=\"elementor-element elementor-element-49b797f wd-width-100 elementor-widget elementor-widget-wd_title\" data-id=\"49b797f\" data-element_type=\"widget\" data-widget_type=\"wd_title.default\">\n\t\t\t\t<div class=\"elementor-widget-container\">\n\t\t\t\t\t<div class=\"title-wrapper set-mb-s reset-last-child wd-title-color-default wd-title-style-default wd-title-size-default text-center\">\n\n\t\t\t\n\t\t\t<div class=\"liner-continer\">\n\t\t\t\t<h4 class=\"woodmart-title-container title wd-fontsize-l\">Win weekly prizes with FAMILIA Premium<\/h4> \n\t\t\t\t\t\t\t<\/div>\n\n\t\t\t\t\t\t\t<div class=\"title-after_title set-cont-mb-s reset-last-child wd-fontsize-xs\">\n\t\t\t\t\t<p>Duration of the competition: 01.11.2024 - 31.11.2024<\/p>\t\t\t\t<\/div>\n\t\t\t\t\t<\/div>\n\t\t\t\t<\/div>\n\t\t\t\t<\/div>\n\t\t\t\t\t<\/div>\n\t\t\t\t<\/div>\n\t\t<div class=\"wd-negative-gap elementor-element elementor-element-5b5dbb7 wd-section-stretch e-flex e-con-boxed e-con e-parent\" data-id=\"5b5dbb7\" data-element_type=\"container\" data-settings=\"{&quot;background_background&quot;:&quot;classic&quot;}\">\n\t\t\t\t\t<div class=\"e-con-inner\">\n\t\t<div class=\"elementor-element elementor-element-caf29e0 e-con-full e-flex e-con e-child\" data-id=\"caf29e0\" data-element_type=\"container\">\n\t\t\t\t<div class=\"elementor-element elementor-element-15afce4 elementor-position-top elementor-widget elementor-widget-image-box\" data-id=\"15afce4\" data-element_type=\"widget\" data-widget_type=\"image-box.default\">\n\t\t\t\t<div class=\"elementor-widget-container\">\n\t\t\t<div class=\"elementor-image-box-wrapper\"><figure class=\"elementor-image-box-img\"><img decoding=\"async\" width=\"447\" height=\"448\" src=\"https:\/\/www.familiapremium.sk\/wp-content\/uploads\/2024\/10\/1174.png\" class=\"attachment-full size-full wp-image-30160\" alt=\"\" srcset=\"https:\/\/www.familiapremium.sk\/wp-content\/uploads\/2024\/10\/1174.png 447w, https:\/\/www.familiapremium.sk\/wp-content\/uploads\/2024\/10\/1174-430x431.png 430w, https:\/\/www.familiapremium.sk\/wp-content\/uploads\/2024\/10\/1174-150x150.png 150w, https:\/\/www.familiapremium.sk\/wp-content\/uploads\/2024\/10\/1174-299x300.png 299w\" sizes=\"(max-width: 447px) 100vw, 447px\" \/><\/figure><div class=\"elementor-image-box-content\"><h3 class=\"elementor-image-box-title\">1. PLACE<\/h3><p class=\"elementor-image-box-description\">DJI Action Camera<br> Osmo Action 4 Combo<\/p><\/div><\/div>\t\t<\/div>\n\t\t\t\t<\/div>\n\t\t\t\t<\/div>\n\t\t<div class=\"elementor-element elementor-element-465b67a e-con-full e-flex e-con e-child\" data-id=\"465b67a\" data-element_type=\"container\">\n\t\t\t\t<div class=\"elementor-element elementor-element-3ecda1d elementor-position-top elementor-widget elementor-widget-image-box\" data-id=\"3ecda1d\" data-element_type=\"widget\" data-widget_type=\"image-box.default\">\n\t\t\t\t<div class=\"elementor-widget-container\">\n\t\t\t<div class=\"elementor-image-box-wrapper\"><figure class=\"elementor-image-box-img\"><img decoding=\"async\" width=\"447\" height=\"448\" src=\"https:\/\/www.familiapremium.sk\/wp-content\/uploads\/2024\/10\/229819.png\" class=\"attachment-full size-full wp-image-30158\" alt=\"\" srcset=\"https:\/\/www.familiapremium.sk\/wp-content\/uploads\/2024\/10\/229819.png 447w, https:\/\/www.familiapremium.sk\/wp-content\/uploads\/2024\/10\/229819-430x431.png 430w, https:\/\/www.familiapremium.sk\/wp-content\/uploads\/2024\/10\/229819-150x150.png 150w, https:\/\/www.familiapremium.sk\/wp-content\/uploads\/2024\/10\/229819-299x300.png 299w\" sizes=\"(max-width: 447px) 100vw, 447px\" \/><\/figure><div class=\"elementor-image-box-content\"><h3 class=\"elementor-image-box-title\">2. PLACE<\/h3><p class=\"elementor-image-box-description\">SMART watch XIAOMI<br>REDMI WATCH 4<\/p><\/div><\/div>\t\t<\/div>\n\t\t\t\t<\/div>\n\t\t\t\t<\/div>\n\t\t<div class=\"elementor-element elementor-element-70eefdf e-con-full e-flex e-con e-child\" data-id=\"70eefdf\" data-element_type=\"container\">\n\t\t\t\t<div class=\"elementor-element elementor-element-04906d6 elementor-position-top elementor-widget elementor-widget-image-box\" data-id=\"04906d6\" data-element_type=\"widget\" data-widget_type=\"image-box.default\">\n\t\t\t\t<div class=\"elementor-widget-container\">\n\t\t\t<div class=\"elementor-image-box-wrapper\"><figure class=\"elementor-image-box-img\"><img loading=\"lazy\" decoding=\"async\" width=\"447\" height=\"448\" src=\"https:\/\/www.familiapremium.sk\/wp-content\/uploads\/2024\/10\/Untitled-129817.png\" class=\"attachment-full size-full wp-image-30159\" alt=\"\" srcset=\"https:\/\/www.familiapremium.sk\/wp-content\/uploads\/2024\/10\/Untitled-129817.png 447w, https:\/\/www.familiapremium.sk\/wp-content\/uploads\/2024\/10\/Untitled-129817-430x431.png 430w, https:\/\/www.familiapremium.sk\/wp-content\/uploads\/2024\/10\/Untitled-129817-150x150.png 150w, https:\/\/www.familiapremium.sk\/wp-content\/uploads\/2024\/10\/Untitled-129817-299x300.png 299w\" sizes=\"(max-width: 447px) 100vw, 447px\" \/><\/figure><div class=\"elementor-image-box-content\"><h3 class=\"elementor-image-box-title\">3. CITY<\/h3><p class=\"elementor-image-box-description\">Products FAMILIA <br>Premium<\/p><\/div><\/div>\t\t<\/div>\n\t\t\t\t<\/div>\n\t\t\t\t<\/div>\n\t\t\t\t\t<\/div>\n\t\t\t\t<\/div>\n\t\t<div class=\"wd-negative-gap elementor-element elementor-element-66d767a wd-section-stretch e-flex e-con-boxed e-con e-parent\" data-id=\"66d767a\" data-element_type=\"container\" data-settings=\"{&quot;background_background&quot;:&quot;classic&quot;}\">\n\t\t\t\t\t<div class=\"e-con-inner\">\n\t\t\t\t<div class=\"elementor-element elementor-element-4824c77 wd-width-100 elementor-widget elementor-widget-wd_video\" data-id=\"4824c77\" data-element_type=\"widget\" data-widget_type=\"wd_video.default\">\n\t\t\t\t<div class=\"elementor-widget-container\">\n\t\t\t\n\t\t<div class=\"wd-el-video wd-action-without wd-video-youtube\">\n\t\t\t\t\t\t\t<iframe src=\"https:\/\/www.youtube.com\/embed\/t-3ErVKHgl4?feature=oembed&loop=0&mute=0&controls=1\" allowfullscreen allow=\"accelerometer; autoplay; encrypted-media; gyroscope; picture-in-picture\" width=\"100%\" height=\"100%\" loading=\"lazy\"><\/iframe>\t\t\t\n\t\t\t\n\t\t\t\n\t\t\t\t\t<\/div>\n\t\t\t\t<\/div>\n\t\t\t\t<\/div>\n\t\t\t\t\t<\/div>\n\t\t\t\t<\/div>\n\t\t<div class=\"wd-negative-gap elementor-element elementor-element-f4fea92 wd-section-stretch e-flex e-con-boxed e-con e-parent\" data-id=\"f4fea92\" data-element_type=\"container\" data-settings=\"{&quot;background_background&quot;:&quot;classic&quot;}\">\n\t\t\t\t\t<div class=\"e-con-inner\">\n\t\t\t\t<div class=\"elementor-element elementor-element-50a1330 wd-width-100 elementor-widget elementor-widget-wd_title\" data-id=\"50a1330\" data-element_type=\"widget\" data-widget_type=\"wd_title.default\">\n\t\t\t\t<div class=\"elementor-widget-container\">\n\t\t\t\t\t<div class=\"title-wrapper set-mb-s reset-last-child wd-title-color-white wd-title-style-default wd-title-size-extra-large text-center\">\n\n\t\t\t\n\t\t\t<div class=\"liner-continer\">\n\t\t\t\t<h4 class=\"woodmart-title-container title wd-fontsize-xxxl\">REGISTER<\/h4> \n\t\t\t\t\t\t\t<\/div>\n\n\t\t\t\t\t<\/div>\n\t\t\t\t<\/div>\n\t\t\t\t<\/div>\n\t\t\t\t<div class=\"elementor-element elementor-element-d2b5bb9 wd-width-100 elementor-widget elementor-widget-wd_title\" data-id=\"d2b5bb9\" data-element_type=\"widget\" data-widget_type=\"wd_title.default\">\n\t\t\t\t<div class=\"elementor-widget-container\">\n\t\t\t\t\t<div class=\"title-wrapper set-mb-s reset-last-child wd-title-color-white wd-title-style-default wd-title-size-default text-center\">\n\n\t\t\t\n\t\t\t<div class=\"liner-continer\">\n\t\t\t\t<h4 class=\"woodmart-title-container title wd-fontsize-l\">ENTER THE COMPETITION<\/h4> \n\t\t\t\t\t\t\t<\/div>\n\n\t\t\t\t\t\t\t<div class=\"title-after_title set-cont-mb-s reset-last-child wd-fontsize-xs\">\n\t\t\t\t\t<p>FILL IN THE FORM AND SUBMIT<\/p>\t\t\t\t<\/div>\n\t\t\t\t\t<\/div>\n\t\t\t\t<\/div>\n\t\t\t\t<\/div>\n\t\t\t\t<div class=\"elementor-element elementor-element-8f14b17 elementor-button-align-start elementor-widget elementor-widget-form\" data-id=\"8f14b17\" data-element_type=\"widget\" data-settings=\"{&quot;step_next_label&quot;:&quot;Next&quot;,&quot;step_previous_label&quot;:&quot;Previous by&quot;,&quot;button_width&quot;:&quot;100&quot;,&quot;step_type&quot;:&quot;number_text&quot;,&quot;step_icon_shape&quot;:&quot;circle&quot;}\" data-widget_type=\"form.default\">\n\t\t\t\t<div class=\"elementor-widget-container\">\n\t\t\t\t\t<form class=\"elementor-form\" method=\"post\" name=\"New Form\">\n\t\t\t<input type=\"hidden\" name=\"post_id\" value=\"30304\"\/>\n\t\t\t<input type=\"hidden\" name=\"form_id\" value=\"8f14b17\"\/>\n\t\t\t<input type=\"hidden\" name=\"referer_title\" value=\"Competition - Familia Premium Vodka\" \/>\n\n\t\t\t\t\t\t\t<input type=\"hidden\" name=\"queried_id\" value=\"30304\"\/>\n\t\t\t\n\t\t\t<div class=\"elementor-form-fields-wrapper elementor-labels-above\">\n\t\t\t\t\t\t\t\t<div class=\"elementor-field-type-text elementor-field-group elementor-column elementor-field-group-name elementor-col-100 elementor-field-required\">\n\t\t\t\t\t\t\t\t\t\t\t\t<label for=\"form-field-name\" class=\"elementor-field-label\">\n\t\t\t\t\t\t\t\tName and surname\t\t\t\t\t\t\t<\/label>\n\t\t\t\t\t\t\t\t\t\t\t\t\t\t<input size=\"1\" type=\"text\" name=\"form_fields[name]\" id=\"form-field-name\" class=\"elementor-field elementor-size-sm  elementor-field-textual\" placeholder=\"Name and surname\" required=\"required\" aria-required=\"true\">\n\t\t\t\t\t\t\t\t\t\t\t<\/div>\n\t\t\t\t\t\t\t\t<div class=\"elementor-field-type-email elementor-field-group elementor-column elementor-field-group-email elementor-col-50 elementor-field-required\">\n\t\t\t\t\t\t\t\t\t\t\t\t<label for=\"form-field-email\" class=\"elementor-field-label\">\n\t\t\t\t\t\t\t\tEmail\t\t\t\t\t\t\t<\/label>\n\t\t\t\t\t\t\t\t\t\t\t\t\t\t<input size=\"1\" type=\"email\" name=\"form_fields[email]\" id=\"form-field-email\" class=\"elementor-field elementor-size-sm  elementor-field-textual\" placeholder=\"Email\" required=\"required\" aria-required=\"true\">\n\t\t\t\t\t\t\t\t\t\t\t<\/div>\n\t\t\t\t\t\t\t\t<div class=\"elementor-field-type-tel elementor-field-group elementor-column elementor-field-group-field_69b0a07 elementor-col-50 elementor-field-required\">\n\t\t\t\t\t\t\t\t\t\t\t\t<label for=\"form-field-field_69b0a07\" class=\"elementor-field-label\">\n\t\t\t\t\t\t\t\tPhone number\t\t\t\t\t\t\t<\/label>\n\t\t\t\t\t\t\t\t<input size=\"1\" type=\"tel\" name=\"form_fields[field_69b0a07]\" id=\"form-field-field_69b0a07\" class=\"elementor-field elementor-size-sm  elementor-field-textual\" required=\"required\" aria-required=\"true\" pattern=\"[0-9()#&amp;+*-=.]+\" title=\"Only numbers and phone characters (#, -, *, etc) are accepted.\">\n\n\t\t\t\t\t\t<\/div>\n\t\t\t\t\t\t\t\t<div class=\"elementor-field-type-text elementor-field-group elementor-column elementor-field-group-field_cb5c1eb elementor-col-33 elementor-field-required\">\n\t\t\t\t\t\t\t\t\t\t\t\t<label for=\"form-field-field_cb5c1eb\" class=\"elementor-field-label\">\n\t\t\t\t\t\t\t\tStreet and house number\t\t\t\t\t\t\t<\/label>\n\t\t\t\t\t\t\t\t\t\t\t\t\t\t<input size=\"1\" type=\"text\" name=\"form_fields[field_cb5c1eb]\" id=\"form-field-field_cb5c1eb\" class=\"elementor-field elementor-size-sm  elementor-field-textual\" required=\"required\" aria-required=\"true\">\n\t\t\t\t\t\t\t\t\t\t\t<\/div>\n\t\t\t\t\t\t\t\t<div class=\"elementor-field-type-number elementor-field-group elementor-column elementor-field-group-field_afdfe81 elementor-col-33 elementor-field-required\">\n\t\t\t\t\t\t\t\t\t\t\t\t<label for=\"form-field-field_afdfe81\" class=\"elementor-field-label\">\n\t\t\t\t\t\t\t\tPOSTCODE\t\t\t\t\t\t\t<\/label>\n\t\t\t\t\t\t\t\t\t<input type=\"number\" name=\"form_fields[field_afdfe81]\" id=\"form-field-field_afdfe81\" class=\"elementor-field elementor-size-sm  elementor-field-textual\" required=\"required\" aria-required=\"true\" min=\"\" max=\"\" >\n\t\t\t\t\t\t<\/div>\n\t\t\t\t\t\t\t\t<div class=\"elementor-field-type-text elementor-field-group elementor-column elementor-field-group-field_b56d07a elementor-col-33 elementor-field-required\">\n\t\t\t\t\t\t\t\t\t\t\t\t<label for=\"form-field-field_b56d07a\" class=\"elementor-field-label\">\n\t\t\t\t\t\t\t\tCity\/municipality\t\t\t\t\t\t\t<\/label>\n\t\t\t\t\t\t\t\t\t\t\t\t\t\t<input size=\"1\" type=\"text\" name=\"form_fields[field_b56d07a]\" id=\"form-field-field_b56d07a\" class=\"elementor-field elementor-size-sm  elementor-field-textual\" required=\"required\" aria-required=\"true\">\n\t\t\t\t\t\t\t\t\t\t\t<\/div>\n\t\t\t\t\t\t\t\t<div class=\"elementor-field-type-date elementor-field-group elementor-column elementor-field-group-field_cb62b5a elementor-col-50 elementor-field-required\">\n\t\t\t\t\t\t\t\t\t\t\t\t<label for=\"form-field-field_cb62b5a\" class=\"elementor-field-label\">\n\t\t\t\t\t\t\t\tDate on the receipt\t\t\t\t\t\t\t<\/label>\n\t\t\t\t\t\t\n\t\t<input type=\"date\" name=\"form_fields[field_cb62b5a]\" id=\"form-field-field_cb62b5a\" class=\"elementor-field elementor-size-sm  elementor-field-textual elementor-date-field\" placeholder=\"Select the date\" required=\"required\" aria-required=\"true\" pattern=\"[0-9]{4}-[0-9]{2}-[0-9]{2}\" min=\"2024-10-01\" max=\"2024-10-31\">\n\t\t\t\t\t\t<\/div>\n\t\t\t\t\t\t\t\t<div class=\"elementor-field-type-time elementor-field-group elementor-column elementor-field-group-field_103e02d elementor-col-50 elementor-field-required\">\n\t\t\t\t\t\t\t\t\t\t\t\t<label for=\"form-field-field_103e02d\" class=\"elementor-field-label\">\n\t\t\t\t\t\t\t\tTime on receipt\t\t\t\t\t\t\t<\/label>\n\t\t\t\t\t\t\t\t<input type=\"time\" name=\"form_fields[field_103e02d]\" id=\"form-field-field_103e02d\" class=\"elementor-field elementor-size-sm  elementor-field-textual elementor-time-field\" placeholder=\"Select the time\" required=\"required\" aria-required=\"true\">\n\t\t\t\t\t\t<\/div>\n\t\t\t\t\t\t\t\t<div class=\"elementor-field-type-upload elementor-field-group elementor-column elementor-field-group-field_fefabe9 elementor-col-100 elementor-field-required\">\n\t\t\t\t\t\t\t\t\t\t\t\t<label for=\"form-field-field_fefabe9\" class=\"elementor-field-label\">\n\t\t\t\t\t\t\t\tReceipt photo (upload receipt photo)\t\t\t\t\t\t\t<\/label>\n\t\t\t\t\t\t\t\t<input type=\"file\" name=\"form_fields[field_fefabe9]\" id=\"form-field-field_fefabe9\" class=\"elementor-field elementor-size-sm  elementor-upload-field\" required=\"required\" aria-required=\"true\" data-maxsize=\"5\" data-maxsize-message=\"This file exceeds the maximum allowed size.\">\n\n\t\t\t\t\t\t<\/div>\n\t\t\t\t\t\t\t\t<div class=\"elementor-field-type-acceptance elementor-field-group elementor-column elementor-field-group-field_91ec444 elementor-col-100 elementor-field-required\">\n\t\t\t\t\t\t\t<div class=\"elementor-field-subgroup\">\n\t\t\t<span class=\"elementor-field-option\">\n\t\t\t\t<input type=\"checkbox\" name=\"form_fields[field_91ec444]\" id=\"form-field-field_91ec444\" class=\"elementor-field elementor-size-sm  elementor-acceptance-field\" required=\"required\" aria-required=\"true\">\n\t\t\t\t<label for=\"form-field-field_91ec444\">Confirms that I have read and understood the <a href=\"https:\/\/www.familiapremium.sk\/wp-content\/uploads\/2024\/10\/24_10_03_statut_familia_premium.pdf\">CONDITIONS OF THE COMPETITION<\/a><\/label>\t\t\t<\/span>\n\t\t<\/div>\n\t\t\t\t\t\t<\/div>\n\t\t\t\t\t\t\t\t<div class=\"elementor-field-type-acceptance elementor-field-group elementor-column elementor-field-group-field_d3b1b7b elementor-col-100 elementor-field-required\">\n\t\t\t\t\t\t\t<div class=\"elementor-field-subgroup\">\n\t\t\t<span class=\"elementor-field-option\">\n\t\t\t\t<input type=\"checkbox\" name=\"form_fields[field_d3b1b7b]\" id=\"form-field-field_d3b1b7b\" class=\"elementor-field elementor-size-sm  elementor-acceptance-field\" required=\"required\" aria-required=\"true\">\n\t\t\t\t<label for=\"form-field-field_d3b1b7b\">I consent to the processing of my <a href=\"https:\/\/www.familiapremium.sk\/spracovanie-osobnych-udajov\/\">PERSONAL DATA<\/a><\/label>\t\t\t<\/span>\n\t\t<\/div>\n\t\t\t\t\t\t<\/div>\n\t\t\t\t\t\t\t\t<div class=\"elementor-field-group elementor-column elementor-field-type-submit elementor-col-100 e-form__buttons\">\n\t\t\t\t\t<button class=\"elementor-button elementor-size-sm\" type=\"submit\">\n\t\t\t\t\t\t<span class=\"elementor-button-content-wrapper\">\n\t\t\t\t\t\t\t\t\t\t\t\t\t\t\t\t\t\t\t\t\t\t<span class=\"elementor-button-text\">Send to<\/span>\n\t\t\t\t\t\t\t\t\t\t\t\t\t<\/span>\n\t\t\t\t\t<\/button>\n\t\t\t\t<\/div>\n\t\t\t<\/div>\n\t\t<\/form>\n\t\t\t\t<\/div>\n\t\t\t\t<\/div>\n\t\t\t\t\t<\/div>\n\t\t\t\t<\/div>\n\t\t<div class=\"wd-negative-gap elementor-element elementor-element-673caa9 e-flex e-con-boxed e-con e-parent\" data-id=\"673caa9\" data-element_type=\"container\">\n\t\t\t\t\t<div class=\"e-con-inner\">\n\t\t<div class=\"elementor-element elementor-element-a90e790 e-con-full e-flex e-con e-child\" data-id=\"a90e790\" data-element_type=\"container\">\n\t\t\t\t<div class=\"elementor-element elementor-element-92dcee5 wd-width-100 elementor-widget elementor-widget-wd_title\" data-id=\"92dcee5\" data-element_type=\"widget\" data-widget_type=\"wd_title.default\">\n\t\t\t\t<div class=\"elementor-widget-container\">\n\t\t\t\t\t<div class=\"title-wrapper set-mb-s reset-last-child wd-title-color-default wd-title-style-default wd-title-size-default text-center\">\n\n\t\t\t\n\t\t\t<div class=\"liner-continer\">\n\t\t\t\t<h4 class=\"woodmart-title-container title wd-fontsize-l\">WINNERS<\/h4> \n\t\t\t\t\t\t\t<\/div>\n\n\t\t\t\t\t\t\t<div class=\"title-after_title set-cont-mb-s reset-last-child wd-fontsize-xs\">\n\t\t\t\t\t<p>See the list of winners<\/p>\t\t\t\t<\/div>\n\t\t\t\t\t<\/div>\n\t\t\t\t<\/div>\n\t\t\t\t<\/div>\n\t\t\t\t<div class=\"elementor-element elementor-element-29988fe elementor-align-center elementor-widget elementor-widget-button\" data-id=\"29988fe\" data-element_type=\"widget\" data-widget_type=\"button.default\">\n\t\t\t\t<div class=\"elementor-widget-container\">\n\t\t\t\t\t<div class=\"elementor-button-wrapper\">\n\t\t\t<a class=\"elementor-button elementor-button-link elementor-size-sm\" href=\"#\">\n\t\t\t\t\t\t<span class=\"elementor-button-content-wrapper\">\n\t\t\t\t\t\t\t\t\t<span class=\"elementor-button-text\">List of winners<\/span>\n\t\t\t\t\t<\/span>\n\t\t\t\t\t<\/a>\n\t\t<\/div>\n\t\t\t\t<\/div>\n\t\t\t\t<\/div>\n\t\t\t\t<\/div>\n\t\t<div class=\"elementor-element elementor-element-b43744f e-con-full e-flex e-con e-child\" data-id=\"b43744f\" data-element_type=\"container\">\n\t\t\t\t<div class=\"elementor-element elementor-element-0eeb3d2 wd-width-100 elementor-widget elementor-widget-wd_title\" data-id=\"0eeb3d2\" data-element_type=\"widget\" data-widget_type=\"wd_title.default\">\n\t\t\t\t<div class=\"elementor-widget-container\">\n\t\t\t\t\t<div class=\"title-wrapper set-mb-s reset-last-child wd-title-color-default wd-title-style-default wd-title-size-default text-center\">\n\n\t\t\t\n\t\t\t<div class=\"liner-continer\">\n\t\t\t\t<h4 class=\"woodmart-title-container title wd-fontsize-l\">CONTACT<\/h4> \n\t\t\t\t\t\t\t<\/div>\n\n\t\t\t\t\t\t\t<div class=\"title-after_title set-cont-mb-s reset-last-child wd-fontsize-xs\">\n\t\t\t\t\t<p>We will be happy to answer any questions you may have about the competition, please contact us<\/p>\t\t\t\t<\/div>\n\t\t\t\t\t<\/div>\n\t\t\t\t<\/div>\n\t\t\t\t<\/div>\n\t\t\t\t<div class=\"elementor-element elementor-element-78e9c8e elementor-position-left elementor-widget__width-initial elementor-widget-mobile__width-inherit elementor-view-default elementor-mobile-position-top elementor-vertical-align-top elementor-widget elementor-widget-icon-box\" data-id=\"78e9c8e\" data-element_type=\"widget\" data-widget_type=\"icon-box.default\">\n\t\t\t\t<div class=\"elementor-widget-container\">\n\t\t\t\t\t<div class=\"elementor-icon-box-wrapper\">\n\n\t\t\t\t\t\t<div class=\"elementor-icon-box-icon\">\n\t\t\t\t<span  class=\"elementor-icon elementor-animation-\">\n\t\t\t\t<svg aria-hidden=\"true\" class=\"e-font-icon-svg e-fas-phone-alt\" viewBox=\"0 0 512 512\" xmlns=\"http:\/\/www.w3.org\/2000\/svg\"><path d=\"M497.39 361.8l-112-48a24 24 0 0 0-28 6.9l-49.6 60.6A370.66 370.66 0 0 1 130.6 204.11l60.6-49.6a23.94 23.94 0 0 0 6.9-28l-48-112A24.16 24.16 0 0 0 122.6.61l-104 24A24 24 0 0 0 0 48c0 256.5 207.9 464 464 464a24 24 0 0 0 23.4-18.6l24-104a24.29 24.29 0 0 0-14.01-27.6z\"><\/path><\/svg>\t\t\t\t<\/span>\n\t\t\t<\/div>\n\t\t\t\n\t\t\t\t\t\t<div class=\"elementor-icon-box-content\">\n\n\t\t\t\t\t\t\t\t\t<h3 class=\"elementor-icon-box-title\">\n\t\t\t\t\t\t<span  >\n\t\t\t\t\t\t\t+421 907 887 789\t\t\t\t\t\t<\/span>\n\t\t\t\t\t<\/h3>\n\t\t\t\t\n\t\t\t\t\n\t\t\t<\/div>\n\t\t\t\n\t\t<\/div>\n\t\t\t\t<\/div>\n\t\t\t\t<\/div>\n\t\t\t\t<div class=\"elementor-element elementor-element-b9868b0 elementor-position-left elementor-widget__width-initial elementor-widget-mobile__width-inherit elementor-view-default elementor-mobile-position-top elementor-vertical-align-top elementor-widget elementor-widget-icon-box\" data-id=\"b9868b0\" data-element_type=\"widget\" data-widget_type=\"icon-box.default\">\n\t\t\t\t<div class=\"elementor-widget-container\">\n\t\t\t\t\t<div class=\"elementor-icon-box-wrapper\">\n\n\t\t\t\t\t\t<div class=\"elementor-icon-box-icon\">\n\t\t\t\t<span  class=\"elementor-icon elementor-animation-\">\n\t\t\t\t<svg aria-hidden=\"true\" class=\"e-font-icon-svg e-fab-telegram-plane\" viewBox=\"0 0 448 512\" xmlns=\"http:\/\/www.w3.org\/2000\/svg\"><path d=\"M446.7 98.6l-67.6 318.8c-5.1 22.5-18.4 28.1-37.3 17.5l-103-75.9-49.7 47.8c-5.5 5.5-10.1 10.1-20.7 10.1l7.4-104.9 190.9-172.5c8.3-7.4-1.8-11.5-12.9-4.1L117.8 284 16.2 252.2c-22.1-6.9-22.5-22.1 4.6-32.7L418.2 66.4c18.4-6.9 34.5 4.1 28.5 32.2z\"><\/path><\/svg>\t\t\t\t<\/span>\n\t\t\t<\/div>\n\t\t\t\n\t\t\t\t\t\t<div class=\"elementor-icon-box-content\">\n\n\t\t\t\t\t\t\t\t\t<h3 class=\"elementor-icon-box-title\">\n\t\t\t\t\t\t<span  >\n\t\t\t\t\t\t\tbrand@gas-familia.sk\t\t\t\t\t\t<\/span>\n\t\t\t\t\t<\/h3>\n\t\t\t\t\n\t\t\t\t\n\t\t\t<\/div>\n\t\t\t\n\t\t<\/div>\n\t\t\t\t<\/div>\n\t\t\t\t<\/div>\n\t\t\t\t<\/div>\n\t\t\t\t\t<\/div>\n\t\t\t\t<\/div>\n\t\t\t\t<\/div>\n\t\t","protected":false},"excerpt":{"rendered":"<p>0 dn\u00ed 00 hod\u00edn 00 Min\u00fat 00 Sek\u00fand Win weekly prizes with FAMILIA Premium Duration of the competition: 01.11.2024 &#8211;<\/p>\n","protected":false},"author":1,"featured_media":0,"parent":0,"menu_order":0,"comment_status":"closed","ping_status":"closed","template":"elementor_header_footer","meta":{"footnotes":""},"class_list":["post-30304","page","type-page","status-publish","hentry"],"aioseo_notices":[],"_links":{"self":[{"href":"https:\/\/www.familiapremium.sk\/en\/wp-json\/wp\/v2\/pages\/30304","targetHints":{"allow":["GET"]}}],"collection":[{"href":"https:\/\/www.familiapremium.sk\/en\/wp-json\/wp\/v2\/pages"}],"about":[{"href":"https:\/\/www.familiapremium.sk\/en\/wp-json\/wp\/v2\/types\/page"}],"author":[{"embeddable":true,"href":"https:\/\/www.familiapremium.sk\/en\/wp-json\/wp\/v2\/users\/1"}],"replies":[{"embeddable":true,"href":"https:\/\/www.familiapremium.sk\/en\/wp-json\/wp\/v2\/comments?post=30304"}],"version-history":[{"count":7,"href":"https:\/\/www.familiapremium.sk\/en\/wp-json\/wp\/v2\/pages\/30304\/revisions"}],"predecessor-version":[{"id":30429,"href":"https:\/\/www.familiapremium.sk\/en\/wp-json\/wp\/v2\/pages\/30304\/revisions\/30429"}],"wp:attachment":[{"href":"https:\/\/www.familiapremium.sk\/en\/wp-json\/wp\/v2\/media?parent=30304"}],"curies":[{"name":"wp","href":"https:\/\/api.w.org\/{rel}","templated":true}]}}